{"id":749,"date":"2025-06-12T14:35:17","date_gmt":"2025-06-12T18:35:17","guid":{"rendered":"https:\/\/solmatech.ca\/reconnaissance-de-nos-employes\/"},"modified":"2025-07-10T13:23:01","modified_gmt":"2025-07-10T17:23:01","slug":"employee-appreciation","status":"publish","type":"page","link":"https:\/\/solmatech.ca\/en\/employee-appreciation\/","title":{"rendered":"Employee appreciation"},"content":{"rendered":"<p>Dans une entreprise qui valorise l\u2019humain avant tout, votre travail ne passe jamais inaper\u00e7u. Chaque effort compte, chaque r\u00e9ussite est c\u00e9l\u00e9br\u00e9e. On reconna\u00eet votre engagement, et on s\u2019assure de vous offrir un environnement o\u00f9 vous pouvez grandir, vous d\u00e9passer et \u00eatre fier de ce que vous accomplissez.<\/p>\n","protected":false},"excerpt":{"rendered":"Dans une entreprise qui valorise l\u2019humain avant tout, votre travail ne passe jamais inaper\u00e7u. Chaque effort compte, chaque r\u00e9ussite est c\u00e9l\u00e9br\u00e9e. On reconna\u00eet votre engagement, et on s\u2019assure de vous offrir un environnement o\u00f9 vous pouvez grandir, vous d\u00e9passer et \u00eatre fier de ce que vous accomplissez.","protected":false},"author":1,"featured_media":0,"parent":0,"menu_order":23,"comment_status":"closed","ping_status":"closed","template":"","meta":{"_acf_changed":false,"footnotes":""},"class_list":["post-749","page","type-page","status-publish","hentry"],"acf":[],"yoast_head":"<!-- This site is optimized with the Yoast SEO plugin v25.9 - https:\/\/yoast.com\/wordpress\/plugins\/seo\/ -->\n<title>Employee appreciation - Solmatech<\/title>\n<meta name=\"robots\" content=\"index, follow, max-snippet:-1, max-image-preview:large, max-video-preview:-1\" \/>\n<link rel=\"canonical\" href=\"https:\/\/solmatech.ca\/en\/employee-appreciation\/\" \/>\n<meta property=\"og:locale\" content=\"en_US\" \/>\n<meta property=\"og:type\" content=\"article\" \/>\n<meta property=\"og:title\" content=\"Employee appreciation - Solmatech\" \/>\n<meta property=\"og:description\" content=\"Dans une entreprise qui valorise l\u2019humain avant tout, votre travail ne passe jamais inaper\u00e7u. Chaque effort compte, chaque r\u00e9ussite est c\u00e9l\u00e9br\u00e9e. On reconna\u00eet votre engagement, et on s\u2019assure de vous offrir un environnement o\u00f9 vous pouvez grandir, vous d\u00e9passer et \u00eatre fier de ce que vous accomplissez.\" \/>\n<meta property=\"og:url\" content=\"https:\/\/solmatech.ca\/en\/employee-appreciation\/\" \/>\n<meta property=\"og:site_name\" content=\"Solmatech\" \/>\n<meta property=\"article:modified_time\" content=\"2025-07-10T17:23:01+00:00\" \/>\n<meta name=\"twitter:card\" content=\"summary_large_image\" \/>\n<meta name=\"twitter:label1\" content=\"Est. reading time\" \/>\n\t<meta name=\"twitter:data1\" content=\"1 minute\" \/>\n<script type=\"application\/ld+json\" class=\"yoast-schema-graph\">{\"@context\":\"https:\/\/schema.org\",\"@graph\":[{\"@type\":\"WebPage\",\"@id\":\"https:\/\/solmatech.ca\/en\/employee-appreciation\/\",\"url\":\"https:\/\/solmatech.ca\/en\/employee-appreciation\/\",\"name\":\"Employee appreciation - Solmatech\",\"isPartOf\":{\"@id\":\"https:\/\/solmatech.ca\/#website\"},\"datePublished\":\"2025-06-12T18:35:17+00:00\",\"dateModified\":\"2025-07-10T17:23:01+00:00\",\"breadcrumb\":{\"@id\":\"https:\/\/solmatech.ca\/en\/employee-appreciation\/#breadcrumb\"},\"inLanguage\":\"en-US\",\"potentialAction\":[{\"@type\":\"ReadAction\",\"target\":[\"https:\/\/solmatech.ca\/en\/employee-appreciation\/\"]}]},{\"@type\":\"BreadcrumbList\",\"@id\":\"https:\/\/solmatech.ca\/en\/employee-appreciation\/#breadcrumb\",\"itemListElement\":[{\"@type\":\"ListItem\",\"position\":1,\"name\":\"Accueil\",\"item\":\"https:\/\/solmatech.ca\/en\/\"},{\"@type\":\"ListItem\",\"position\":2,\"name\":\"Employee appreciation\"}]},{\"@type\":\"WebSite\",\"@id\":\"https:\/\/solmatech.ca\/#website\",\"url\":\"https:\/\/solmatech.ca\/\",\"name\":\"Solmatech\",\"description\":\"\",\"potentialAction\":[{\"@type\":\"SearchAction\",\"target\":{\"@type\":\"EntryPoint\",\"urlTemplate\":\"https:\/\/solmatech.ca\/?s={search_term_string}\"},\"query-input\":{\"@type\":\"PropertyValueSpecification\",\"valueRequired\":true,\"valueName\":\"search_term_string\"}}],\"inLanguage\":\"en-US\"}]}<\/script>\n<!-- \/ Yoast SEO plugin. -->","yoast_head_json":{"title":"Employee appreciation - Solmatech","robots":{"index":"index","follow":"follow","max-snippet":"max-snippet:-1","max-image-preview":"max-image-preview:large","max-video-preview":"max-video-preview:-1"},"canonical":"https:\/\/solmatech.ca\/en\/employee-appreciation\/","og_locale":"en_US","og_type":"article","og_title":"Employee appreciation - Solmatech","og_description":"Dans une entreprise qui valorise l\u2019humain avant tout, votre travail ne passe jamais inaper\u00e7u. Chaque effort compte, chaque r\u00e9ussite est c\u00e9l\u00e9br\u00e9e. On reconna\u00eet votre engagement, et on s\u2019assure de vous offrir un environnement o\u00f9 vous pouvez grandir, vous d\u00e9passer et \u00eatre fier de ce que vous accomplissez.","og_url":"https:\/\/solmatech.ca\/en\/employee-appreciation\/","og_site_name":"Solmatech","article_modified_time":"2025-07-10T17:23:01+00:00","twitter_card":"summary_large_image","twitter_misc":{"Est. reading time":"1 minute"},"schema":{"@context":"https:\/\/schema.org","@graph":[{"@type":"WebPage","@id":"https:\/\/solmatech.ca\/en\/employee-appreciation\/","url":"https:\/\/solmatech.ca\/en\/employee-appreciation\/","name":"Employee appreciation - Solmatech","isPartOf":{"@id":"https:\/\/solmatech.ca\/#website"},"datePublished":"2025-06-12T18:35:17+00:00","dateModified":"2025-07-10T17:23:01+00:00","breadcrumb":{"@id":"https:\/\/solmatech.ca\/en\/employee-appreciation\/#breadcrumb"},"inLanguage":"en-US","potentialAction":[{"@type":"ReadAction","target":["https:\/\/solmatech.ca\/en\/employee-appreciation\/"]}]},{"@type":"BreadcrumbList","@id":"https:\/\/solmatech.ca\/en\/employee-appreciation\/#breadcrumb","itemListElement":[{"@type":"ListItem","position":1,"name":"Accueil","item":"https:\/\/solmatech.ca\/en\/"},{"@type":"ListItem","position":2,"name":"Employee appreciation"}]},{"@type":"WebSite","@id":"https:\/\/solmatech.ca\/#website","url":"https:\/\/solmatech.ca\/","name":"Solmatech","description":"","potentialAction":[{"@type":"SearchAction","target":{"@type":"EntryPoint","urlTemplate":"https:\/\/solmatech.ca\/?s={search_term_string}"},"query-input":{"@type":"PropertyValueSpecification","valueRequired":true,"valueName":"search_term_string"}}],"inLanguage":"en-US"}]}},"_links":{"self":[{"href":"https:\/\/solmatech.ca\/en\/wp-json\/wp\/v2\/pages\/749","targetHints":{"allow":["GET"]}}],"collection":[{"href":"https:\/\/solmatech.ca\/en\/wp-json\/wp\/v2\/pages"}],"about":[{"href":"https:\/\/solmatech.ca\/en\/wp-json\/wp\/v2\/types\/page"}],"author":[{"embeddable":true,"href":"https:\/\/solmatech.ca\/en\/wp-json\/wp\/v2\/users\/1"}],"replies":[{"embeddable":true,"href":"https:\/\/solmatech.ca\/en\/wp-json\/wp\/v2\/comments?post=749"}],"version-history":[{"count":0,"href":"https:\/\/solmatech.ca\/en\/wp-json\/wp\/v2\/pages\/749\/revisions"}],"wp:attachment":[{"href":"https:\/\/solmatech.ca\/en\/wp-json\/wp\/v2\/media?parent=749"}],"curies":[{"name":"wp","href":"https:\/\/api.w.org\/{rel}","templated":true}]}}